{"id":127,"date":"2024-08-12T13:16:34","date_gmt":"2024-08-12T13:16:34","guid":{"rendered":"https:\/\/www.beautycheck.ch\/?page_id=127"},"modified":"2025-01-29T15:02:11","modified_gmt":"2025-01-29T15:02:11","slug":"kontakt","status":"publish","type":"page","link":"https:\/\/beautycheck.ch\/?page_id=127","title":{"rendered":"Kontakt"},"content":{"rendered":"<p>[et_pb_section fb_built=&#8220;1&#8243; admin_label=&#8220;Testimonials&#8220; _builder_version=&#8220;4.27.0&#8243; _module_preset=&#8220;default&#8220; background_color=&#8220;#f7f7f7&#8243; background_enable_image=&#8220;off&#8220; background_size=&#8220;custom&#8220; background_image_width=&#8220;10%&#8220; background_position=&#8220;bottom_right&#8220; custom_padding=&#8220;0px||0px|||&#8220; collapsed=&#8220;on&#8220; global_colors_info=&#8220;{}&#8220;][et_pb_row column_structure=&#8220;1_2,1_2&#8243; custom_padding_last_edited=&#8220;on|phone&#8220; disabled_on=&#8220;off|off|off&#8220; _builder_version=&#8220;4.27.4&#8243; _module_preset=&#8220;default&#8220; width=&#8220;100%&#8220; max_width=&#8220;2436px&#8220; custom_padding=&#8220;0px||100px|100px|false|false&#8220; custom_padding_tablet=&#8220;|||100px|false|false&#8220; custom_padding_phone=&#8220;|20px||20px|false|false&#8220; hover_enabled=&#8220;0&#8243; global_colors_info=&#8220;{}&#8220; sticky_enabled=&#8220;0&#8243;][et_pb_column type=&#8220;1_2&#8243; _builder_version=&#8220;4.27.0&#8243; _module_preset=&#8220;default&#8220; custom_padding=&#8220;148px||||false|false&#8220; global_colors_info=&#8220;{}&#8220;][et_pb_text _builder_version=&#8220;4.27.0&#8243; _module_preset=&#8220;_initial&#8220; header_font=&#8220;Montserrat|600|||||||&#8220; header_text_align=&#8220;left&#8220; header_font_size=&#8220;45px&#8220; header_2_font=&#8220;Times New Roman||||||||&#8220; header_2_text_align=&#8220;left&#8220; header_2_text_color=&#8220;gcid-3c3581c1-f373-4686-aa51-f9f01c8ffd79&#8243; header_2_font_size=&#8220;52px&#8220; header_2_line_height=&#8220;1.2em&#8220; text_orientation=&#8220;center&#8220; custom_margin=&#8220;||10px||false|false&#8220; header_2_font_size_tablet=&#8220;32px&#8220; header_2_font_size_phone=&#8220;20px&#8220; header_2_font_size_last_edited=&#8220;on|desktop&#8220; global_colors_info=&#8220;{%22gcid-3c3581c1-f373-4686-aa51-f9f01c8ffd79%22:%91%22header_2_text_color%22%93}&#8220;]<\/p>\n<h1>BEAUTY CHECK GmbH<\/h1>\n<p>[\/et_pb_text][et_pb_text _builder_version=&#8220;4.27.4&#8243; _module_preset=&#8220;_initial&#8220; text_font=&#8220;Montserrat||||||||&#8220; link_font=&#8220;Montserrat||||||||&#8220; link_text_color=&#8220;#924d42&#8243; header_3_font=&#8220;Hedvig Letters Serif||||||||&#8220; header_3_text_color=&#8220;gcid-3c3581c1-f373-4686-aa51-f9f01c8ffd79&#8243; header_3_font_size=&#8220;36px&#8220; header_3_line_height=&#8220;1.5em&#8220; width=&#8220;83%&#8220; custom_padding=&#8220;24px|||0px|false|false&#8220; hover_enabled=&#8220;0&#8243; header_3_font_size_tablet=&#8220;20px&#8220; header_3_font_size_phone=&#8220;16px&#8220; header_3_font_size_last_edited=&#8220;on|desktop&#8220; global_colors_info=&#8220;{%22gcid-3c3581c1-f373-4686-aa51-f9f01c8ffd79%22:%91%22header_3_text_color%22%93}&#8220; sticky_enabled=&#8220;0&#8243;]<\/p>\n<p class=\"\">Hautpflegeinstitut f\u00fcr medizinische Kosmetik<br \/>Lindenstrasse 33<br \/>8008 Z\u00fcrich<\/p>\n<p>Tel: +41 44 383 72 00<br \/>Whatsapp: +41 79 371 28 58<br \/>E-Mail:\u00a0info@beautycheck.ch<\/p>\n<p>Montag \u2013 Freitag: 09:00 \u2013 19:00 Uhr<br \/>Samstag: 10:00 &#8211; 16:00 Uhr<\/p>\n<p>[\/et_pb_text][et_pb_text _builder_version=&#8220;4.27.4&#8243; _module_preset=&#8220;_initial&#8220; text_font=&#8220;Montserrat||||||||&#8220; header_2_font=&#8220;Montserrat|600|||||||&#8220; header_2_font_size=&#8220;18px&#8220; header_3_font=&#8220;||||||||&#8220; header_3_text_color=&#8220;gcid-3c3581c1-f373-4686-aa51-f9f01c8ffd79&#8243; header_3_font_size=&#8220;36px&#8220; header_3_line_height=&#8220;1.5em&#8220; header_4_font=&#8220;Times New Roman||||||||&#8220; header_4_font_size=&#8220;26px&#8220; width=&#8220;83%&#8220; custom_padding=&#8220;24px||||false|false&#8220; hover_enabled=&#8220;0&#8243; header_3_font_size_tablet=&#8220;20px&#8220; header_3_font_size_phone=&#8220;16px&#8220; header_3_font_size_last_edited=&#8220;on|desktop&#8220; global_colors_info=&#8220;{%22gcid-3c3581c1-f373-4686-aa51-f9f01c8ffd79%22:%91%22header_3_text_color%22%93}&#8220; sticky_enabled=&#8220;0&#8243;]<\/p>\n<h2>Anreise<\/h2>\n<p><strong>\u00d6V<\/strong><br \/>Tram Nr. 2 oder 4 bis Haltestelle H\u00f6schgasse, von dort gehen Sie eine Minute entlang der Lindenstrasse.<\/p>\n<p><strong>Parkpl\u00e4tze<\/strong><br \/>Bei Anreise mit dem Auto benu\u0308tzen Sie bitte die \u00f6ffentlichen Parkpl\u00e4tze im Quartier oder die Parkh\u00e4user Zu\u0308richhorn an der Dufourstrasse 142 oder Feldegg an der Riesbachstrasse 7.<\/p>\n<p>Nach vorheriger Absprache k\u00f6nnen wir auch einen Parkplatz vor dem Haus zur Verfu\u0308gung stellen.<\/p>\n<p>[\/et_pb_text][\/et_pb_column][et_pb_column type=&#8220;1_2&#8243; _builder_version=&#8220;4.23.2&#8243; _module_preset=&#8220;default&#8220; global_colors_info=&#8220;{}&#8220;][et_pb_image src=&#8220;https:\/\/beautycheck.ch\/wp-content\/uploads\/2024\/08\/beautycheck_kabine.jpg&#8220; title_text=&#8220;beautycheck_kabine&#8220; _builder_version=&#8220;4.27.0&#8243; _module_preset=&#8220;default&#8220; global_colors_info=&#8220;{}&#8220;][\/et_pb_image][\/et_pb_column][\/et_pb_row][\/et_pb_section]<\/p>\n","protected":false},"excerpt":{"rendered":"<p>BEAUTY CHECK GmbHHautpflegeinstitut f\u00fcr medizinische KosmetikLindenstrasse 338008 Z\u00fcrich Tel: +41 44 383 72 00Whatsapp: +41 79 371 28 58E-Mail:\u00a0info@beautycheck.ch Montag \u2013 Freitag: 09:00 \u2013 19:00 UhrSamstag: 10:00 &#8211; 16:00 UhrAnreise \u00d6VTram Nr. 2 oder 4 bis Haltestelle H\u00f6schgasse, von dort gehen Sie eine Minute entlang der Lindenstrasse. Parkpl\u00e4tzeBei Anreise mit dem Auto benu\u0308tzen Sie bitte [&hellip;]<\/p>\n","protected":false},"author":1,"featured_media":0,"parent":0,"menu_order":0,"comment_status":"closed","ping_status":"closed","template":"","meta":{"_et_pb_use_builder":"on","_et_pb_old_content":"","_et_gb_content_width":"","footnotes":""},"class_list":["post-127","page","type-page","status-publish","hentry"],"_links":{"self":[{"href":"https:\/\/beautycheck.ch\/index.php?rest_route=\/wp\/v2\/pages\/127","targetHints":{"allow":["GET"]}}],"collection":[{"href":"https:\/\/beautycheck.ch\/index.php?rest_route=\/wp\/v2\/pages"}],"about":[{"href":"https:\/\/beautycheck.ch\/index.php?rest_route=\/wp\/v2\/types\/page"}],"author":[{"embeddable":true,"href":"https:\/\/beautycheck.ch\/index.php?rest_route=\/wp\/v2\/users\/1"}],"replies":[{"embeddable":true,"href":"https:\/\/beautycheck.ch\/index.php?rest_route=%2Fwp%2Fv2%2Fcomments&post=127"}],"version-history":[{"count":17,"href":"https:\/\/beautycheck.ch\/index.php?rest_route=\/wp\/v2\/pages\/127\/revisions"}],"predecessor-version":[{"id":805,"href":"https:\/\/beautycheck.ch\/index.php?rest_route=\/wp\/v2\/pages\/127\/revisions\/805"}],"wp:attachment":[{"href":"https:\/\/beautycheck.ch\/index.php?rest_route=%2Fwp%2Fv2%2Fmedia&parent=127"}],"curies":[{"name":"wp","href":"https:\/\/api.w.org\/{rel}","templated":true}]}}